{"id":1902,"date":"2020-04-02T06:45:26","date_gmt":"2020-04-02T06:45:26","guid":{"rendered":"https:\/\/mallorcaheritage.com\/de\/momentos\/descubre-santa-maria-del-camino\/"},"modified":"2021-11-03T14:20:18","modified_gmt":"2021-11-03T14:20:18","slug":"descubre-santa-maria-del-camino","status":"publish","type":"page","link":"https:\/\/mallorcaheritage.com\/de\/descubre-santa-maria-del-camino\/","title":{"rendered":"ENTDECKEN SIE SANTA MAR\u00cdA DEL CAMINO"},"content":{"rendered":"<section class=\"wpb-content-wrapper\"><p>[vc_row css=&#8221;.vc_custom_1635582541140{margin-top: 150px !important;margin-bottom: 50px !important;}&#8221;][vc_column width=&#8221;1\/6&#8243;][\/vc_column][vc_column width=&#8221;2\/3&#8243;][vc_empty_space height=&#8221;100px&#8221;][vc_column_text]<\/p>\n<h2 style=\"text-align: center;\">ENTDECKEN SIE SANTA MAR\u00cdA DEL CAMINO<\/h2>\n<p>[\/vc_column_text][vc_column_text]<\/p>\n<p style=\"text-align: center;\">Diese wundersch\u00f6ne Ortschaft liegt im Herzen der Insel Mallorca und bietet eine beeindruckende Aussicht auf die Gebirgslandschaft Sierra de Tramuntana. Die malerischen H\u00e4user aus Stein verleihen der Ortschaft Ihren besonderen Charme. Ein \u00f6rtlich veranstalteter Markt, zahlreiche Caf\u00e9terrassen und ein breitgef\u00e4chertes Angebot an Dienstleistungen und Gesch\u00e4ften sorgen daf\u00fcr, dass es den Einwohnern und Besuchern an nichts fehlt und sie die Reize der Ortschaft und ihrer Umgebung unbeschwert genie\u00dfen k\u00f6nnen.<\/p>\n<p>[\/vc_column_text][\/vc_column][vc_column width=&#8221;1\/6&#8243;][\/vc_column][\/vc_row][vc_row][vc_column][vc_images_carousel images=&#8221;1622,1623,1624,1625,1626,1627,1628,1629,1630,1631,1632,1633,1634&#8243; img_size=&#8221;full&#8221; speed=&#8221;3000&#8243; autoplay=&#8221;yes&#8221; hide_pagination_control=&#8221;yes&#8221;][\/vc_column][\/vc_row][vc_row][vc_column width=&#8221;1\/6&#8243;][\/vc_column][vc_column width=&#8221;2\/3&#8243;][vc_column_text]<\/p>\n<p style=\"text-align: center;\">Santa Maria del Cam\u00ed befindet sich in sehr g\u00fcnstiger Lage, zwischen Palma de Mallorca, der Hauptstadt der Insel, und Inca, der wichtigsten Stadt im Landesinneren, die f\u00fcr die Herstellung von Lederartikeln und Schuhen bekannt ist. Es ist eine bezaubernde Ortschaft, die besonders von Liebhabern des Radsportes gesch\u00e4tzt wird, da sie sich wegen der landschaftlichen Sch\u00f6nheit der Umgebung hervorragend als Ausgangspunkt f\u00fcr Radrundfahrten eignet.<\/p>\n<p>[\/vc_column_text][\/vc_column][vc_column width=&#8221;1\/6&#8243;][\/vc_column][\/vc_row][vc_row][vc_column][vc_gallery type=&#8221;image_grid&#8221; images=&#8221;1635,1636,1637,1638,1639,1640,1641,1642,1643,1644,1645,1646,1647&#8243; img_size=&#8221;277&#215;180&#8243;][\/vc_column][\/vc_row]<\/p>\n<\/section>","protected":false},"excerpt":{"rendered":"<p>[vc_row css=&#8221;.vc_custom_1635582541140{margin-top: 150px !important;margin-bottom: 50px !important;}&#8221;][vc_column width=&#8221;1\/6&#8243;][\/vc_column][vc_column width=&#8221;2\/3&#8243;][vc_empty_space height=&#8221;100px&#8221;][vc_column_text] ENTDECKEN SIE SANTA MAR\u00cdA DEL CAMINO [\/vc_column_text][vc_column_text] Diese wundersch\u00f6ne Ortschaft liegt im Herzen der Insel Mallorca und<span class=\"excerpt-hellip\"> [\u2026]<\/span><\/p>\n","protected":false},"author":1,"featured_media":6355,"parent":0,"menu_order":0,"comment_status":"closed","ping_status":"closed","template":"","meta":{"footnotes":""},"class_list":["post-1902","page","type-page","status-publish","has-post-thumbnail","hentry"],"aioseo_notices":[],"_links":{"self":[{"href":"https:\/\/mallorcaheritage.com\/de\/wp-json\/wp\/v2\/pages\/1902","targetHints":{"allow":["GET"]}}],"collection":[{"href":"https:\/\/mallorcaheritage.com\/de\/wp-json\/wp\/v2\/pages"}],"about":[{"href":"https:\/\/mallorcaheritage.com\/de\/wp-json\/wp\/v2\/types\/page"}],"author":[{"embeddable":true,"href":"https:\/\/mallorcaheritage.com\/de\/wp-json\/wp\/v2\/users\/1"}],"replies":[{"embeddable":true,"href":"https:\/\/mallorcaheritage.com\/de\/wp-json\/wp\/v2\/comments?post=1902"}],"version-history":[{"count":0,"href":"https:\/\/mallorcaheritage.com\/de\/wp-json\/wp\/v2\/pages\/1902\/revisions"}],"wp:featuredmedia":[{"embeddable":true,"href":"https:\/\/mallorcaheritage.com\/de\/wp-json\/wp\/v2\/media\/6355"}],"wp:attachment":[{"href":"https:\/\/mallorcaheritage.com\/de\/wp-json\/wp\/v2\/media?parent=1902"}],"curies":[{"name":"wp","href":"https:\/\/api.w.org\/{rel}","templated":true}]}}