{"id":1905,"date":"2020-04-02T06:40:25","date_gmt":"2020-04-02T06:40:25","guid":{"rendered":"https:\/\/mallorcaheritage.com\/de\/momentos\/equipo-de-profesionales\/"},"modified":"2021-11-03T14:18:59","modified_gmt":"2021-11-03T14:18:59","slug":"equipo-de-profesionales","status":"publish","type":"page","link":"https:\/\/mallorcaheritage.com\/de\/equipo-de-profesionales\/","title":{"rendered":"UNSER MITARBEITERTEAM"},"content":{"rendered":"<section class=\"wpb-content-wrapper\"><p>[vc_row css=&#8221;.vc_custom_1635582533760{margin-top: 150px !important;margin-bottom: 50px !important;}&#8221;][vc_column width=&#8221;1\/6&#8243;][\/vc_column][vc_column width=&#8221;2\/3&#8243;][vc_empty_space height=&#8221;100px&#8221;][vc_column_text]<\/p>\n<h2 style=\"text-align: center;\">UNSER MITARBEITERTEAM<\/h2>\n<p>[\/vc_column_text][vc_column_text]<\/p>\n<p style=\"text-align: center;\">Hinter jedem einzelnen Detail steckt der engagierte Arbeitseinsatz unseres gro\u00dfartigen Mitarbeiterteams. Es sind unsere Mitarbeiter, die die Entwicklung unserer Immobilienprojekte \u00fcberhaupt erst einmal m\u00f6glich machen. Ihnen ist die Entstehung der von uns vermarkteten Wohnungen zu verdanken und sie sind es, die daf\u00fcr sorgen, dass jede dieser Wohnungen etwas ganz Besonderes ist und mit ihrer gem\u00fctlichen Atmosph\u00e4re zum verweilen einl\u00e4dt. Sie achten darauf, dass nur Materialien und Elemente von bester Qualit\u00e4t zum Einsatz kommen und k\u00fcmmern sich um jede noch so kleine Einzelheit. Dank ihrer Anstrengungen sind wir in der Lage, wirklich au\u00dfergew\u00f6hnliche Ergebnisse zu erzielen und zu erreichen, dass sich unsere Kunden in den Wohnungen wirklich geborgen und zu Hause f\u00fchlen.<\/p>\n<p>[\/vc_column_text][\/vc_column][vc_column width=&#8221;1\/6&#8243;][\/vc_column][\/vc_row][vc_row][vc_column][vc_images_carousel images=&#8221;1580,1581,1582,1583,1584,1585,1586,1587,1588,1589,1590,1591,1592,1593,1594&#8243; img_size=&#8221;full&#8221; speed=&#8221;3000&#8243; autoplay=&#8221;yes&#8221; hide_pagination_control=&#8221;yes&#8221;][\/vc_column][\/vc_row][vc_row css=&#8221;.vc_custom_1583993170646{margin-top: 50px !important;margin-bottom: 50px !important;}&#8221;][vc_column width=&#8221;1\/6&#8243;][\/vc_column][vc_column width=&#8221;2\/3&#8243;][vc_column_text]<\/p>\n<p style=\"text-align: center;\">Mit unserer Fotoreportage m\u00f6chten wir zeigen, wieviel Arbeitseinsatz und M\u00fchen hinter jedem einzelnen Detail stecken.<\/p>\n<p style=\"text-align: center;\">Ohne unser hervorragendes Mitarbeiterteam w\u00e4re die Entwicklung unserer Projekte nicht m\u00f6glich.<\/p>\n<p>[\/vc_column_text][\/vc_column][vc_column width=&#8221;1\/6&#8243;][\/vc_column][\/vc_row][vc_row][vc_column][vc_gallery type=&#8221;image_grid&#8221; images=&#8221;1595,1596,1597,1598,1599,1600,1601,1602,1603,1604,1605,1606,1607,1608,1609,1610,1611,1612,1613,1614,1615,1616,1617,1618,1619&#8243; img_size=&#8221;277&#215;180&#8243;][\/vc_column][\/vc_row]<\/p>\n<\/section>","protected":false},"excerpt":{"rendered":"<p>[vc_row css=&#8221;.vc_custom_1635582533760{margin-top: 150px !important;margin-bottom: 50px !important;}&#8221;][vc_column width=&#8221;1\/6&#8243;][\/vc_column][vc_column width=&#8221;2\/3&#8243;][vc_empty_space height=&#8221;100px&#8221;][vc_column_text] UNSER MITARBEITERTEAM [\/vc_column_text][vc_column_text] Hinter jedem einzelnen Detail steckt der engagierte Arbeitseinsatz unseres gro\u00dfartigen Mitarbeiterteams. Es sind unsere<span class=\"excerpt-hellip\"> [\u2026]<\/span><\/p>\n","protected":false},"author":1,"featured_media":6353,"parent":0,"menu_order":0,"comment_status":"closed","ping_status":"closed","template":"","meta":{"footnotes":""},"class_list":["post-1905","page","type-page","status-publish","has-post-thumbnail","hentry"],"aioseo_notices":[],"_links":{"self":[{"href":"https:\/\/mallorcaheritage.com\/de\/wp-json\/wp\/v2\/pages\/1905","targetHints":{"allow":["GET"]}}],"collection":[{"href":"https:\/\/mallorcaheritage.com\/de\/wp-json\/wp\/v2\/pages"}],"about":[{"href":"https:\/\/mallorcaheritage.com\/de\/wp-json\/wp\/v2\/types\/page"}],"author":[{"embeddable":true,"href":"https:\/\/mallorcaheritage.com\/de\/wp-json\/wp\/v2\/users\/1"}],"replies":[{"embeddable":true,"href":"https:\/\/mallorcaheritage.com\/de\/wp-json\/wp\/v2\/comments?post=1905"}],"version-history":[{"count":0,"href":"https:\/\/mallorcaheritage.com\/de\/wp-json\/wp\/v2\/pages\/1905\/revisions"}],"wp:featuredmedia":[{"embeddable":true,"href":"https:\/\/mallorcaheritage.com\/de\/wp-json\/wp\/v2\/media\/6353"}],"wp:attachment":[{"href":"https:\/\/mallorcaheritage.com\/de\/wp-json\/wp\/v2\/media?parent=1905"}],"curies":[{"name":"wp","href":"https:\/\/api.w.org\/{rel}","templated":true}]}}