{"id":1914,"date":"2020-04-02T06:33:02","date_gmt":"2020-04-02T06:33:02","guid":{"rendered":"https:\/\/mallorcaheritage.com\/de\/momentos\/un-dia-en-santanyi\/"},"modified":"2021-11-03T14:17:35","modified_gmt":"2021-11-03T14:17:35","slug":"un-dia-en-santanyi","status":"publish","type":"page","link":"https:\/\/mallorcaheritage.com\/de\/un-dia-en-santanyi\/","title":{"rendered":"EIN TAG IN SANTANY\u00cd"},"content":{"rendered":"<section class=\"wpb-content-wrapper\"><p>[vc_row css=&#8221;.vc_custom_1635582526630{margin-top: 150px !important;margin-bottom: 50px !important;}&#8221;][vc_column width=&#8221;1\/6&#8243;][\/vc_column][vc_column width=&#8221;2\/3&#8243;][vc_empty_space height=&#8221;100px&#8221;][vc_column_text]<\/p>\n<h2 style=\"text-align: center;\">EIN TAG IN SANTANY\u00cd<\/h2>\n<p>[\/vc_column_text][vc_column_text]<\/p>\n<p style=\"text-align: center;\">Die Ortschaft Santany\u00ed ist ein kleines Juwel, umgeben von zauberhaften kleinen D\u00f6rfern, malerischen Fischerh\u00e4fen und exklusiven Yachth\u00e4fen. An der langen K\u00fcste des Gemeindegebiets sind zahlreiche wundersch\u00f6ne, vom kristallklaren Meerwasser umsp\u00fclte Felsenbuchten zu finden, die dieser im S\u00fcdosten der Insel gelegenen Gegend ihren besonderen und unvergleichlichen Charme verleihen.<\/p>\n<p>[\/vc_column_text][\/vc_column][vc_column width=&#8221;1\/6&#8243;][\/vc_column][\/vc_row][vc_row][vc_column][vc_images_carousel images=&#8221;1539,1540,1542,1544,1668,1545,1546,1547,1548,1549,1550,1551,1552,1553&#8243; img_size=&#8221;1300&#215;800&#8243; speed=&#8221;3000&#8243; autoplay=&#8221;yes&#8221; hide_pagination_control=&#8221;yes&#8221;][\/vc_column][\/vc_row][vc_row css=&#8221;.vc_custom_1583993170646{margin-top: 50px !important;margin-bottom: 50px !important;}&#8221;][vc_column width=&#8221;1\/6&#8243;][\/vc_column][vc_column width=&#8221;2\/3&#8243;][vc_column_text]<\/p>\n<p style=\"text-align: center;\">Wir sind leidenschaftliche Verfechter des Lebensstils, der auf unserer Insel gepflegt wird und haben daher beschlossen, eine Fotoreportage und ein Video anzufertigen, um auch andere, denen die Reize unseres Landes noch nicht bekannt sind, daran teilhaben zu lassen. Wir m\u00f6chten darin die weiten, mit bodenst\u00e4ndiger Vegetation bewachsenen Fl\u00e4chen und Gr\u00fcnanlagen, die im traditionellen Architekturstil Mallorcas aus Stein gebauten H\u00e4user mit ihren charakteristischen Innenh\u00f6fen und die interessantesten Sehensw\u00fcrdigkeiten vorstellen, die Santany\u00ed zu einer der sch\u00f6nsten und sehenswertesten Gegenden im S\u00fcdosten der Insel machen.<\/p>\n<p>[\/vc_column_text][\/vc_column][vc_column width=&#8221;1\/6&#8243;][\/vc_column][\/vc_row][vc_row][vc_column][vc_gallery type=&#8221;image_grid&#8221; images=&#8221;1554,1555,1556,1557,1558,1559,1560,1561,1562,1563,1564,1565,1566,1567,1568,1569,1570,1571,1572,1573,1574,1575,1576,1577&#8243; img_size=&#8221;277&#215;180&#8243;][\/vc_column][\/vc_row]<\/p>\n<\/section>","protected":false},"excerpt":{"rendered":"<p>[vc_row css=&#8221;.vc_custom_1635582526630{margin-top: 150px !important;margin-bottom: 50px !important;}&#8221;][vc_column width=&#8221;1\/6&#8243;][\/vc_column][vc_column width=&#8221;2\/3&#8243;][vc_empty_space height=&#8221;100px&#8221;][vc_column_text] EIN TAG IN SANTANY\u00cd [\/vc_column_text][vc_column_text] Die Ortschaft Santany\u00ed ist ein kleines Juwel, umgeben von zauberhaften kleinen D\u00f6rfern,<span class=\"excerpt-hellip\"> [\u2026]<\/span><\/p>\n","protected":false},"author":1,"featured_media":6351,"parent":0,"menu_order":0,"comment_status":"closed","ping_status":"closed","template":"","meta":{"footnotes":""},"class_list":["post-1914","page","type-page","status-publish","has-post-thumbnail","hentry"],"aioseo_notices":[],"_links":{"self":[{"href":"https:\/\/mallorcaheritage.com\/de\/wp-json\/wp\/v2\/pages\/1914","targetHints":{"allow":["GET"]}}],"collection":[{"href":"https:\/\/mallorcaheritage.com\/de\/wp-json\/wp\/v2\/pages"}],"about":[{"href":"https:\/\/mallorcaheritage.com\/de\/wp-json\/wp\/v2\/types\/page"}],"author":[{"embeddable":true,"href":"https:\/\/mallorcaheritage.com\/de\/wp-json\/wp\/v2\/users\/1"}],"replies":[{"embeddable":true,"href":"https:\/\/mallorcaheritage.com\/de\/wp-json\/wp\/v2\/comments?post=1914"}],"version-history":[{"count":0,"href":"https:\/\/mallorcaheritage.com\/de\/wp-json\/wp\/v2\/pages\/1914\/revisions"}],"wp:featuredmedia":[{"embeddable":true,"href":"https:\/\/mallorcaheritage.com\/de\/wp-json\/wp\/v2\/media\/6351"}],"wp:attachment":[{"href":"https:\/\/mallorcaheritage.com\/de\/wp-json\/wp\/v2\/media?parent=1914"}],"curies":[{"name":"wp","href":"https:\/\/api.w.org\/{rel}","templated":true}]}}